{"id":1270,"date":"2012-11-21T16:11:22","date_gmt":"2012-11-21T15:11:22","guid":{"rendered":"http:\/\/www.handwerktechnikdesign.de\/?page_id=1270"},"modified":"2020-08-11T13:42:07","modified_gmt":"2020-08-11T12:42:07","slug":"dipl-ing-christina-abe","status":"publish","type":"page","link":"https:\/\/www.handwerktechnikdesign.de\/?page_id=1270","title":{"rendered":"Dipl.-Ing. Christina Ab\u00e9"},"content":{"rendered":"\n<p>Christina Ab\u00e9 hat zum 31.10.2019 das Team von handwerktechnikdesign verlassen. Ich bedanke mich f\u00fcr die langj\u00e4hrige und gute Zusammenarbeit. In dieser Zeit sind viele sch\u00f6ne Dinge entstanden. <\/p>\n\n\n\n<p>Thorsten P. Meyer<\/p>\n","protected":false},"excerpt":{"rendered":"<p>Christina Ab\u00e9 hat zum 31.10.2019 das Team von handwerktechnikdesign verlassen. Ich bedanke mich f\u00fcr die langj\u00e4hrige und gute Zusammenarbeit. In dieser Zeit sind viele sch\u00f6ne Dinge entstanden. Thorsten P. Meyer<\/p>\n","protected":false},"author":2,"featured_media":0,"parent":1265,"menu_order":2,"comment_status":"open","ping_status":"open","template":"","meta":{"footnotes":""},"class_list":["post-1270","page","type-page","status-publish","hentry"],"_links":{"self":[{"href":"https:\/\/www.handwerktechnikdesign.de\/index.php?rest_route=\/wp\/v2\/pages\/1270","targetHints":{"allow":["GET"]}}],"collection":[{"href":"https:\/\/www.handwerktechnikdesign.de\/index.php?rest_route=\/wp\/v2\/pages"}],"about":[{"href":"https:\/\/www.handwerktechnikdesign.de\/index.php?rest_route=\/wp\/v2\/types\/page"}],"author":[{"embeddable":true,"href":"https:\/\/www.handwerktechnikdesign.de\/index.php?rest_route=\/wp\/v2\/users\/2"}],"replies":[{"embeddable":true,"href":"https:\/\/www.handwerktechnikdesign.de\/index.php?rest_route=%2Fwp%2Fv2%2Fcomments&post=1270"}],"version-history":[{"count":7,"href":"https:\/\/www.handwerktechnikdesign.de\/index.php?rest_route=\/wp\/v2\/pages\/1270\/revisions"}],"predecessor-version":[{"id":2308,"href":"https:\/\/www.handwerktechnikdesign.de\/index.php?rest_route=\/wp\/v2\/pages\/1270\/revisions\/2308"}],"up":[{"embeddable":true,"href":"https:\/\/www.handwerktechnikdesign.de\/index.php?rest_route=\/wp\/v2\/pages\/1265"}],"wp:attachment":[{"href":"https:\/\/www.handwerktechnikdesign.de\/index.php?rest_route=%2Fwp%2Fv2%2Fmedia&parent=1270"}],"curies":[{"name":"wp","href":"https:\/\/api.w.org\/{rel}","templated":true}]}}