{"id":22,"date":"2009-10-31T22:10:45","date_gmt":"2009-10-31T20:10:45","guid":{"rendered":"http:\/\/www.handwerktechnikdesign.de\/?page_id=22"},"modified":"2012-11-21T16:19:06","modified_gmt":"2012-11-21T15:19:06","slug":"referenzen","status":"publish","type":"page","link":"https:\/\/www.handwerktechnikdesign.de\/?page_id=22","title":{"rendered":"Referenzen"},"content":{"rendered":"<p>&nbsp;<\/p>\n<p style=\"text-align: justify;\"><span style=\"font-size: medium;\">Auszug aus der Referenzliste<\/span><\/p>\n<div style=\"text-align: justify;\"><\/div>\n<p>&nbsp;<\/p>\n<p style=\"text-align: justify;\"><strong>\u00a0<\/strong><\/p>\n<p style=\"text-align: justify;\"><strong>Cinestar Filmpalast<\/strong><\/p>\n<p style=\"text-align: justify;\">9 Multiplexkinos in Deutschland und Tschechien, 5 &#8211; 10 S\u00e4le, 850 \u2013 3000 Pl\u00e4tze, ARGE mit AB Tillmann, 1997 &#8211; 2002<\/p>\n<p style=\"text-align: justify;\"><strong>Finnforest Deutschland<\/strong><\/p>\n<p style=\"text-align: justify;\">6 Messest\u00e4nde von 40 &#8211; 140m\u00b21997 &#8211; 2001<\/p>\n<p style=\"text-align: justify;\"><strong>Objekt Carpet \/ Stone \/ Parkett<\/strong><\/p>\n<p style=\"text-align: justify;\">Showroom Hamburg, diverse Collagen f\u00fcr Bodendesign, 1991 &#8211; 1995<\/p>\n<p style=\"text-align: justify;\"><strong>Noack Bodenausstatter<\/strong><\/p>\n<p style=\"text-align: justify;\">5 Ausstellungs- und Ladenbauten f\u00fcr Objekteure, 100 &#8211; 450m\u00b2, 1992 &#8211; 2000<\/p>\n<p style=\"text-align: justify;\"><strong>BKK Mobil Oil<\/strong><\/p>\n<p style=\"text-align: justify;\">Servicepoints und Empfangsanlagen in Hamburg und Celle, 2002 &#8211; 2004<\/p>\n<p style=\"text-align: justify;\"><strong>Zeitschrift selber machen<\/strong><\/p>\n<p style=\"text-align: justify;\">freie Mitarbeit in der Redaktion Entwurf von M\u00f6beln und Rauml\u00f6sungen, Bau von Prototypen, 1993 &#8211; 2001<\/p>\n<p style=\"text-align: justify;\"><strong>Studio Hamburg<\/strong><\/p>\n<p style=\"text-align: justify;\">Messekonzept Jungheinrich diverse Entw\u00fcrfe, 2003 &#8211; 2004<\/p>\n<p style=\"text-align: justify;\"><strong>Kluxen Immobilien<\/strong><\/p>\n<p style=\"text-align: justify;\">Citilager, B\u00fcrogestaltung more TV, 1.450m\u00b2, 2004<\/p>\n<p style=\"text-align: justify;\"><strong>n@work<\/strong><\/p>\n<p style=\"text-align: justify;\">Umbau eines Gewerbebaus zu B\u00fcrofl\u00e4chen, 800m\u00b2, 2006<\/p>\n<p style=\"text-align: justify;\"><strong>Marriott Hotel<\/strong><\/p>\n<p style=\"text-align: justify;\">Bauleitung der Restaurantumbauten in Hamburg und Berlin, 250 + 120m\u00b2, 2005 \u2013 2006<\/p>\n<p style=\"text-align: justify;\"><strong>JOI Design<\/strong><\/p>\n<p style=\"text-align: justify;\">Projektleitung Hotel Park Inn N\u00fcrnberg + Linz, B\u00fcro, Konferenz 2007<\/p>\n<p style=\"text-align: justify;\"><strong>Fries Kiel Wellsee<\/strong><\/p>\n<p style=\"text-align: justify;\">Ausstellungsdesign Gro\u00dfh\u00e4ndler, 2008 &#8211; 2010<\/p>\n<p style=\"text-align: justify;\"><strong>McKinsey<\/strong><\/p>\n<p style=\"text-align: justify;\">Bauleitung f\u00fcr Fa. Schumann Ausbau B\u00fcro- und Konferenzfl\u00e4chen, 2008-2009<\/p>\n<p style=\"text-align: justify;\"><strong>admatec<\/strong><\/p>\n<p style=\"text-align: justify;\">B\u00fcrogestaltung Entwurf\u00a01450m\u00b2, 2009<\/p>\n<p style=\"text-align: justify;\"><strong>Schwedische Seefahrerkirche<\/strong><\/p>\n<p style=\"text-align: justify;\">Projektleitung f\u00fcr Fa. Schumann, Sanierung Heizung + Sanit\u00e4ranlagen, 2009 &#8211; 2010<\/p>\n<p style=\"text-align: justify;\"><strong>Hamburg Mannheimer \/ ERGO<\/strong><\/p>\n<p style=\"text-align: justify;\">Bauleitung Konferenzraumcenter + Zentralerschlie\u00dfer f\u00fcr Hennings B\u00f6rn, 2009 &#8211; 2010<\/p>\n<p>&nbsp;<\/p>\n","protected":false},"excerpt":{"rendered":"<p>&nbsp; Auszug aus der Referenzliste &nbsp; \u00a0 Cinestar Filmpalast 9 Multiplexkinos in Deutschland und Tschechien, 5 &#8211; 10 S\u00e4le, 850 \u2013 3000 Pl\u00e4tze, ARGE mit AB Tillmann, 1997 &#8211; 2002 Finnforest Deutschland 6 Messest\u00e4nde von 40 &#8211; 140m\u00b21997 &#8211; 2001 Objekt Carpet \/ Stone \/ Parkett Showroom Hamburg, diverse Collagen f\u00fcr Bodendesign, 1991 &#8211; 1995 [&#038;hellip<\/p>\n","protected":false},"author":1,"featured_media":0,"parent":0,"menu_order":5,"comment_status":"open","ping_status":"open","template":"","meta":{"footnotes":""},"class_list":["post-22","page","type-page","status-publish","hentry"],"_links":{"self":[{"href":"https:\/\/www.handwerktechnikdesign.de\/index.php?rest_route=\/wp\/v2\/pages\/22","targetHints":{"allow":["GET"]}}],"collection":[{"href":"https:\/\/www.handwerktechnikdesign.de\/index.php?rest_route=\/wp\/v2\/pages"}],"about":[{"href":"https:\/\/www.handwerktechnikdesign.de\/index.php?rest_route=\/wp\/v2\/types\/page"}],"author":[{"embeddable":true,"href":"https:\/\/www.handwerktechnikdesign.de\/index.php?rest_route=\/wp\/v2\/users\/1"}],"replies":[{"embeddable":true,"href":"https:\/\/www.handwerktechnikdesign.de\/index.php?rest_route=%2Fwp%2Fv2%2Fcomments&post=22"}],"version-history":[{"count":8,"href":"https:\/\/www.handwerktechnikdesign.de\/index.php?rest_route=\/wp\/v2\/pages\/22\/revisions"}],"predecessor-version":[{"id":1280,"href":"https:\/\/www.handwerktechnikdesign.de\/index.php?rest_route=\/wp\/v2\/pages\/22\/revisions\/1280"}],"wp:attachment":[{"href":"https:\/\/www.handwerktechnikdesign.de\/index.php?rest_route=%2Fwp%2Fv2%2Fmedia&parent=22"}],"curies":[{"name":"wp","href":"https:\/\/api.w.org\/{rel}","templated":true}]}}